{"id":10,"date":"2022-08-24T10:06:08","date_gmt":"2022-08-24T10:06:08","guid":{"rendered":"https:\/\/reviewupload.com\/files\/blog72433\/3hoylp7vaw72433\/?page_id=10"},"modified":"2025-04-16T02:04:34","modified_gmt":"2025-04-16T02:04:34","slug":"about","status":"publish","type":"page","link":"https:\/\/exploreink.org\/es\/about\/","title":{"rendered":"Sobre Nosotros"},"content":{"rendered":"<p><img loading=\"lazy\" decoding=\"async\" class=\"alignnone wp-image-171\" role=\"img\" src=\"https:\/\/exploreink.org\/wp-content\/uploads\/2022\/08\/green_logo.svg\" alt=\"\" width=\"39\" height=\"36\" \/><\/p>\n<p>En INK, redefinimos la educaci\u00f3n, derribando barreras y ampliando las oportunidades para estudiantes de todo el mundo. Como fuerza educativa global, ofrecemos programas Early Head Start, soluciones de aprendizaje virtual, colaboraciones con distritos escolares independientes (ISD) y apoyo integral a la educaci\u00f3n K-12, todo ello dise\u00f1ado para satisfacer las diversas necesidades de los estudiantes de hoy y prepararlos para el futuro. Mediante servicios integrales y v\u00edas de aprendizaje innovadoras, nos comprometemos a eliminar las limitaciones y a garantizar que los estudiantes cuenten con los recursos, la orientaci\u00f3n y las oportunidades que necesitan para prosperar. Nuestra misi\u00f3n es clara: transformar la educaci\u00f3n, empoderar a los estudiantes y forjar el futuro. Creemos que cada ni\u00f1o puede lograr cosas incre\u00edbles.<\/p>\n<p>Nuestra mascota es un pulpo, una criatura conocida por su gran inteligencia y capacidad para resolver problemas. Los tent\u00e1culos del logotipo simbolizan los diversos marcos de aprendizaje y los m\u00faltiples brazos de nuestra red.<\/p>","protected":false},"excerpt":{"rendered":"<p>At INK, we are redefining education by breaking barriers and expanding opportunities for learners worldwide. As a global educational force, we provide Early Head Start programs, virtual learning solutions, ISD partnerships and comprehensive K-12 education support\u2014all designed to meet the diverse needs of students today and prepare them for the future. Through wraparound services and [&hellip;]<\/p>\n","protected":false},"author":2,"featured_media":0,"parent":0,"menu_order":0,"comment_status":"closed","ping_status":"closed","template":"templates\/about-page-template.php","meta":{"_acf_changed":false,"footnotes":""},"class_list":["post-10","page","type-page","status-publish","hentry"],"acf":[],"_links":{"self":[{"href":"https:\/\/exploreink.org\/es\/wp-json\/wp\/v2\/pages\/10","targetHints":{"allow":["GET"]}}],"collection":[{"href":"https:\/\/exploreink.org\/es\/wp-json\/wp\/v2\/pages"}],"about":[{"href":"https:\/\/exploreink.org\/es\/wp-json\/wp\/v2\/types\/page"}],"author":[{"embeddable":true,"href":"https:\/\/exploreink.org\/es\/wp-json\/wp\/v2\/users\/2"}],"replies":[{"embeddable":true,"href":"https:\/\/exploreink.org\/es\/wp-json\/wp\/v2\/comments?post=10"}],"version-history":[{"count":35,"href":"https:\/\/exploreink.org\/es\/wp-json\/wp\/v2\/pages\/10\/revisions"}],"predecessor-version":[{"id":737,"href":"https:\/\/exploreink.org\/es\/wp-json\/wp\/v2\/pages\/10\/revisions\/737"}],"wp:attachment":[{"href":"https:\/\/exploreink.org\/es\/wp-json\/wp\/v2\/media?parent=10"}],"curies":[{"name":"wp","href":"https:\/\/api.w.org\/{rel}","templated":true}]}}