{"id":1023,"date":"2026-02-09T18:13:25","date_gmt":"2026-02-09T18:13:25","guid":{"rendered":"https:\/\/exploreink.org\/?page_id=1023"},"modified":"2026-02-09T18:13:25","modified_gmt":"2026-02-09T18:13:25","slug":"ehs-newmexico","status":"publish","type":"page","link":"https:\/\/exploreink.org\/es\/ehs-newmexico\/","title":{"rendered":"Ya est\u00e1 abierta la inscripci\u00f3n para el programa Early Head Start en Roswell, Nuevo M\u00e9xico"},"content":{"rendered":"<h2>El apoyo para tu familia comienza aqu\u00ed.<\/h2>\n<p>INK ahora est\u00e1 aceptando solicitudes de Early Head Start para familias en Roswell, a partir del 11 de febrero de 2026.<br \/>\nEarly Head Start es un programa gratuito para mujeres embarazadas y familias con ni\u00f1os desde el nacimiento hasta los 3 a\u00f1os.<\/p>\n<p>\ud83d\udccd Ubicaci\u00f3n de Roswell<br \/>\n503 E. McGaffey St.\u2028Roswell, NM 88203<\/p>\n<p>\ud83d\udea8 Familias de artesias.<br \/>\nInscripciones pr\u00f3ximamente. Consulta las actualizaciones pr\u00f3ximamente.<\/p>\n<p>&nbsp;<\/p>\n<h4>Usted puede calificar si:<\/h4>\n<p><em><strong>Esta embarazada<br \/>\nTener un hijo desde el nacimiento hasta los 3 a\u00f1os<br \/>\nAcoger a un ni\u00f1o de 0 a 3 a\u00f1os<br \/>\nRecibir SNAP, TANF o SSI<\/strong><\/em><\/p>\n<p>\u00bfNo est\u00e1s seguro? Podemos ayudarte a descubrirlo.<\/p>\n<p>&nbsp;<\/p>\n<h4>Qu\u00e9 ofrece Early Head Start<\/h4>\n<p><em><strong>Aprendizaje y desarrollo tempranos<br \/>\nEx\u00e1menes de salud<br \/>\nApoyo nutricional<br \/>\nServicios de apoyo familiar<br \/>\nApoyo prenatal<br \/>\nY mas<\/strong><\/em><\/p>\n<p>&nbsp;<\/p>\n<h4>Aplicar en l\u00ednea<\/h4>\n<p>Aplicar es r\u00e1pido y f\u00e1cil.<\/p>\n<p><a class=\"partner\" href=\"https:\/\/pre-app.cleverex.com\/?globalid=23187\"> Solicitar Head Start Temprano<\/a><\/p>\n<p>&nbsp;<\/p>\n<h4>\u00bfNecesitar ayuda?<\/h4>\n<p>\ud83d\udce7 Env\u00edenos un correo electr\u00f3nico: <a href=\"mailto:Info@exploreink.org\">Info@exploreink.org<\/a><br \/>\nEstaremos encantados de responder a sus preguntas y ayudarle a empezar.<\/p>","protected":false},"excerpt":{"rendered":"<p>Support for your family starts here. INK is now accepting Early Head Start applications for families in Roswell, beginning February 11, 2026. Early Head Start is a no-cost program for pregnant women and families with children from birth to age 3. \ud83d\udccd Roswell Location 503 E. McGaffey St.\u2028Roswell, NM 88203 \ud83d\udea8 Artesia Families Enrollment coming [&hellip;]<\/p>\n","protected":false},"author":6,"featured_media":0,"parent":0,"menu_order":0,"comment_status":"closed","ping_status":"closed","template":"","meta":{"_acf_changed":false,"footnotes":""},"class_list":["post-1023","page","type-page","status-publish","hentry"],"acf":[],"_links":{"self":[{"href":"https:\/\/exploreink.org\/es\/wp-json\/wp\/v2\/pages\/1023","targetHints":{"allow":["GET"]}}],"collection":[{"href":"https:\/\/exploreink.org\/es\/wp-json\/wp\/v2\/pages"}],"about":[{"href":"https:\/\/exploreink.org\/es\/wp-json\/wp\/v2\/types\/page"}],"author":[{"embeddable":true,"href":"https:\/\/exploreink.org\/es\/wp-json\/wp\/v2\/users\/6"}],"replies":[{"embeddable":true,"href":"https:\/\/exploreink.org\/es\/wp-json\/wp\/v2\/comments?post=1023"}],"version-history":[{"count":15,"href":"https:\/\/exploreink.org\/es\/wp-json\/wp\/v2\/pages\/1023\/revisions"}],"predecessor-version":[{"id":1039,"href":"https:\/\/exploreink.org\/es\/wp-json\/wp\/v2\/pages\/1023\/revisions\/1039"}],"wp:attachment":[{"href":"https:\/\/exploreink.org\/es\/wp-json\/wp\/v2\/media?parent=1023"}],"curies":[{"name":"wp","href":"https:\/\/api.w.org\/{rel}","templated":true}]}}