{"id":219,"date":"2022-11-03T23:06:59","date_gmt":"2022-11-03T23:06:59","guid":{"rendered":"https:\/\/sites.bronsonma.com\/ink\/?page_id=219"},"modified":"2025-12-02T17:33:26","modified_gmt":"2025-12-02T17:33:26","slug":"head-start-and-early-head-start","status":"publish","type":"page","link":"https:\/\/exploreink.org\/es\/head-start-and-early-head-start\/","title":{"rendered":"Head Start y Head Start Temprano"},"content":{"rendered":"<p><img loading=\"lazy\" decoding=\"async\" class=\"alignnone size-full wp-image-228\" src=\"https:\/\/exploreink.org\/wp-content\/uploads\/2022\/11\/light-gray-icon.png\" alt=\"\" width=\"39\" height=\"37\" \/><\/p>\n<p>INK facilita los programas Head Start y Early Head Start en 13 condados de Texas. Head Start es un programa nacional que promueve la preparaci\u00f3n escolar mejorando el desarrollo social y cognitivo de los ni\u00f1os, brind\u00e1ndoles servicios educativos, de salud, nutricionales, sociales y de otro tipo a los ni\u00f1os y familias inscritos.<\/p>","protected":false},"excerpt":{"rendered":"<p>INK facilita los programas Head Start y Early Head Start en 13 condados de Texas. Head Start es un programa nacional que promueve la preparaci\u00f3n escolar mejorando el desarrollo social y cognitivo de los ni\u00f1os, brind\u00e1ndoles servicios educativos, de salud, nutricionales, sociales y de otro tipo a los ni\u00f1os y familias inscritos.<\/p>","protected":false},"author":2,"featured_media":0,"parent":0,"menu_order":0,"comment_status":"closed","ping_status":"closed","template":"templates\/head-start-template.php","meta":{"_acf_changed":false,"footnotes":""},"class_list":["post-219","page","type-page","status-publish","hentry"],"acf":[],"_links":{"self":[{"href":"https:\/\/exploreink.org\/es\/wp-json\/wp\/v2\/pages\/219","targetHints":{"allow":["GET"]}}],"collection":[{"href":"https:\/\/exploreink.org\/es\/wp-json\/wp\/v2\/pages"}],"about":[{"href":"https:\/\/exploreink.org\/es\/wp-json\/wp\/v2\/types\/page"}],"author":[{"embeddable":true,"href":"https:\/\/exploreink.org\/es\/wp-json\/wp\/v2\/users\/2"}],"replies":[{"embeddable":true,"href":"https:\/\/exploreink.org\/es\/wp-json\/wp\/v2\/comments?post=219"}],"version-history":[{"count":34,"href":"https:\/\/exploreink.org\/es\/wp-json\/wp\/v2\/pages\/219\/revisions"}],"predecessor-version":[{"id":987,"href":"https:\/\/exploreink.org\/es\/wp-json\/wp\/v2\/pages\/219\/revisions\/987"}],"wp:attachment":[{"href":"https:\/\/exploreink.org\/es\/wp-json\/wp\/v2\/media?parent=219"}],"curies":[{"name":"wp","href":"https:\/\/api.w.org\/{rel}","templated":true}]}}