{"id":636,"date":"2024-09-10T19:07:55","date_gmt":"2024-09-10T19:07:55","guid":{"rendered":"https:\/\/exploreink.org\/?page_id=636"},"modified":"2025-06-26T16:39:31","modified_gmt":"2025-06-26T16:39:31","slug":"thriving-texas-families","status":"publish","type":"page","link":"https:\/\/exploreink.org\/es\/thriving-texas-families\/","title":{"rendered":"Familias Pr\u00f3speras de Texas"},"content":{"rendered":"<p style=\"text-align: left;\">Innovative Network of Knowledge (INK) es una organizaci\u00f3n educativa sin fines de lucro que ofrece servicios integrales para educadores y familias, incluidos est\u00e1ndares y estrategias de aprendizaje, desarrollo infantil, salud y bienestar familiar.<\/p>\n<p style=\"text-align: left;\">INK ofrece diversos servicios a familias, como Head Start, Early Head Start e instrucci\u00f3n virtual. INK ahora tambi\u00e9n ofrece sus servicios a trav\u00e9s de la Subvenci\u00f3n Familias Pr\u00f3speras de Texas. Los objetivos de esta subvenci\u00f3n son brindar servicios y lograr los siguientes objetivos junto con nuestras familias:<\/p>\n<ul>\n<li style=\"text-align: left;\">1. Mejorar los resultados en embarazos y partos saludables;<\/li>\n<li style=\"text-align: left;\">2. Mejorar la salud y el desarrollo infantil;<\/li>\n<li style=\"text-align: left;\">3. Ayudar a las familias a lograr la autosuficiencia y la estabilidad econ\u00f3mica;<\/li>\n<li style=\"text-align: left;\">4. Aumentar la participaci\u00f3n de la fuerza laboral; y<\/li>\n<li style=\"text-align: left;\">5. Promover el matrimonio y la formaci\u00f3n familiar de las familias participantes.<\/li>\n<\/ul>\n<p>&nbsp;<\/p>\n<p><strong><a href=\"https:\/\/exploreink.org\/es\/thriving-texas-families-inquiry\/\">Contacta con nosotros<\/a> hoy para obtener m\u00e1s informaci\u00f3n sobre nuestros servicios, programas y elegibilidad.<\/strong><\/p>\n<p>&nbsp;<\/p>\n<h3 style=\"text-align: left;\">\u00bfPor qu\u00e9 INK?<\/h3>\n<p style=\"text-align: left;\">Nuestra misi\u00f3n es servir y colaborar con familias y comunidades para brindar recursos y oportunidades educativas de calidad. INK cree en la accesibilidad y la defensa de sus derechos, y a trav\u00e9s de nuestro trabajo, llegamos a familias en tres estados y m\u00e1s de una docena de condados.<\/p>\n<p style=\"text-align: left;\">Asociarse con INK garantiza un plan de atenci\u00f3n personalizado con un navegador atento y dedicado para guiarlo a trav\u00e9s del proceso de atenci\u00f3n y apoyo prenatal, posparto, referencias de salud y brindar acceso a educaci\u00f3n y capacitaci\u00f3n laboral.<\/p>\n<p>&nbsp;<\/p>\n<h3 style=\"text-align: left;\">FAQs<\/h3>\n<p>&nbsp;<\/p>\n<p style=\"text-align: left;\"><strong>Q: \u00bfC\u00f3mo s\u00e9 si soy elegible para participar en este programa?<\/strong><\/p>\n<p style=\"text-align: left;\">A: Algunas maneras de calificar para el programa incluyen residir en los condados de Karnes o Wilson, tener un hijo menor de 3 a\u00f1os o estar embarazada. Contacte a uno de nuestros asesores hoy mismo y le ayudar\u00e1n r\u00e1pidamente a determinar si califica para este programa.<\/p>\n<p style=\"text-align: left;\"><strong>Q: Si califico, \u00bfcu\u00e1ntos hijos puedo tener en el programa?<\/strong><\/p>\n<p style=\"text-align: left;\">A: Nuestros asesores est\u00e1n aqu\u00ed para servirle y colaborar con usted y su familia. Evaluar\u00e1n su solicitud de admisi\u00f3n y le guiar\u00e1n en la creaci\u00f3n de un plan de atenci\u00f3n integral adaptado a sus necesidades y al tama\u00f1o de su familia. Un cuidador con un ni\u00f1o menor de 3 a\u00f1os podr\u00eda calificar. Los ni\u00f1os mayores de 3 a\u00f1os no califican.<\/p>\n<p style=\"text-align: left;\"><strong>Q: No me siento c\u00f3modo compartiendo mi informaci\u00f3n por internet. \u00bfDe qu\u00e9 otra manera puedo inscribirme?<\/strong><\/p>\n<p style=\"text-align: left;\">A: Puede programar una reuni\u00f3n en persona con uno de nuestros asesores o una llamada telef\u00f3nica. \u00a1Nos adaptamos a sus necesidades!<\/p>\n<p style=\"text-align: left;\"><strong>Q: \u00bfTengo que firmar un contrato para inscribirme?<\/strong><\/p>\n<p style=\"text-align: left;\">A: \u00a1Para nada! Nuestro \u00e9xito se mide por el suyo. Nuestro objetivo es que las familias permanezcan en el programa al menos un a\u00f1o completo para que se beneficien de la estabilidad y el apoyo que brindan nuestros Navegadores.<\/p>\n<p style=\"text-align: left;\"><strong>Q: \u00bfTengo que pagar para participar en este programa?<\/strong><\/p>\n<p style=\"text-align: left;\">A: En absoluto. En ning\u00fan momento tendr\u00e1s que pagar por nuestros servicios.<\/p>\n<p>&nbsp;<\/p>","protected":false},"excerpt":{"rendered":"<p>Innovative Network of Knowledge (INK) is an educational nonprofit that offers comprehensive services for educators and families, including learning standards and strategies, child development, family health and well-being. INK provides several services for families such as Head Start, Early Head Start and virtual instruction. INK now also offers its services through the Thriving Texas Families [&hellip;]<\/p>\n","protected":false},"author":4,"featured_media":0,"parent":0,"menu_order":0,"comment_status":"closed","ping_status":"closed","template":"templates\/about-page-template.php","meta":{"_acf_changed":false,"footnotes":""},"class_list":["post-636","page","type-page","status-publish","hentry"],"acf":[],"_links":{"self":[{"href":"https:\/\/exploreink.org\/es\/wp-json\/wp\/v2\/pages\/636","targetHints":{"allow":["GET"]}}],"collection":[{"href":"https:\/\/exploreink.org\/es\/wp-json\/wp\/v2\/pages"}],"about":[{"href":"https:\/\/exploreink.org\/es\/wp-json\/wp\/v2\/types\/page"}],"author":[{"embeddable":true,"href":"https:\/\/exploreink.org\/es\/wp-json\/wp\/v2\/users\/4"}],"replies":[{"embeddable":true,"href":"https:\/\/exploreink.org\/es\/wp-json\/wp\/v2\/comments?post=636"}],"version-history":[{"count":16,"href":"https:\/\/exploreink.org\/es\/wp-json\/wp\/v2\/pages\/636\/revisions"}],"predecessor-version":[{"id":945,"href":"https:\/\/exploreink.org\/es\/wp-json\/wp\/v2\/pages\/636\/revisions\/945"}],"wp:attachment":[{"href":"https:\/\/exploreink.org\/es\/wp-json\/wp\/v2\/media?parent=636"}],"curies":[{"name":"wp","href":"https:\/\/api.w.org\/{rel}","templated":true}]}}