{"id":805,"date":"2025-05-31T18:51:56","date_gmt":"2025-05-31T18:51:56","guid":{"rendered":"https:\/\/exploreink.org\/?page_id=805"},"modified":"2025-05-31T19:22:10","modified_gmt":"2025-05-31T19:22:10","slug":"why-choose-ink","status":"publish","type":"page","link":"https:\/\/exploreink.org\/es\/why-choose-ink\/","title":{"rendered":"\u00bfPor qu\u00e9 elegir Ink?"},"content":{"rendered":"<p class=\"p1\" style=\"text-align: left;\"><strong>M\u00e1s de 100 a\u00f1os de experiencia:<\/strong> Nuestro equipo tiene d\u00e9cadas de experiencia combinada en educaci\u00f3n y nos apasiona utilizar ese conocimiento para transformar la experiencia de aprendizaje de estudiantes y educadores.<\/p>\n<p class=\"p1\" style=\"text-align: left;\"><strong>Enfoque hol\u00edstico:<\/strong> Ofrecemos soluciones que tienen en cuenta al ni\u00f1o en su totalidad, incluida la preparaci\u00f3n acad\u00e9mica, emocional, social y profesional.<\/p>\n<p class=\"p1\" style=\"text-align: left;\"><strong>Soluciones innovadoras:<\/strong> No solo pensamos de forma innovadora; rompemos con lo establecido por completo. Nuestros enfoques educativos creativos, basados \u200b\u200ben la investigaci\u00f3n, nos distinguen de los programas tradicionales.<\/p>\n<p class=\"p1\" style=\"text-align: left;\"><strong>Centrado en la comunidad:<\/strong> Creemos en el poder de la colaboraci\u00f3n entre estudiantes, familias, educadores y la comunidad en general. Nuestro trabajo se centra en generar un impacto positivo duradero.<\/p>","protected":false},"excerpt":{"rendered":"<p>100+ Years of Expertise: Our team has decades of combined experience in education, and we\u2019re passionate about using that knowledge to transform the learning experience for students and educators. Holistic Approach: We provide solutions that consider the whole child \u2014 including academic, emotional, social and career readiness. Innovative Solutions: We don\u2019t just think outside the [&hellip;]<\/p>\n","protected":false},"author":6,"featured_media":0,"parent":0,"menu_order":0,"comment_status":"closed","ping_status":"closed","template":"","meta":{"_acf_changed":false,"footnotes":""},"class_list":["post-805","page","type-page","status-publish","hentry"],"acf":[],"_links":{"self":[{"href":"https:\/\/exploreink.org\/es\/wp-json\/wp\/v2\/pages\/805","targetHints":{"allow":["GET"]}}],"collection":[{"href":"https:\/\/exploreink.org\/es\/wp-json\/wp\/v2\/pages"}],"about":[{"href":"https:\/\/exploreink.org\/es\/wp-json\/wp\/v2\/types\/page"}],"author":[{"embeddable":true,"href":"https:\/\/exploreink.org\/es\/wp-json\/wp\/v2\/users\/6"}],"replies":[{"embeddable":true,"href":"https:\/\/exploreink.org\/es\/wp-json\/wp\/v2\/comments?post=805"}],"version-history":[{"count":4,"href":"https:\/\/exploreink.org\/es\/wp-json\/wp\/v2\/pages\/805\/revisions"}],"predecessor-version":[{"id":809,"href":"https:\/\/exploreink.org\/es\/wp-json\/wp\/v2\/pages\/805\/revisions\/809"}],"wp:attachment":[{"href":"https:\/\/exploreink.org\/es\/wp-json\/wp\/v2\/media?parent=805"}],"curies":[{"name":"wp","href":"https:\/\/api.w.org\/{rel}","templated":true}]}}