{"id":990,"date":"2025-12-16T16:54:52","date_gmt":"2025-12-16T16:54:52","guid":{"rendered":"https:\/\/exploreink.org\/?page_id=990"},"modified":"2025-12-16T19:29:20","modified_gmt":"2025-12-16T19:29:20","slug":"new-mexico","status":"publish","type":"page","link":"https:\/\/exploreink.org\/es\/new-mexico\/","title":{"rendered":"INK est\u00e1 contratando en Nuevo M\u00e9xico"},"content":{"rendered":"<h2>\u00bfListo para una carrera que marque la diferencia?<\/h2>\n<h3>INK est\u00e1 contratando en Nuevo M\u00e9xico y estamos creciendo r\u00e1pidamente.<\/h3>\n<p>Creemos que cada ni\u00f1o merece un comienzo brillante.<\/p>\n<p>Y mereces un lugar de trabajo donde puedas crecer.<br \/>\nINK est\u00e1 contratando para m\u00faltiples puestos de Educaci\u00f3n Infantil y Apoyo Familiar en:<\/p>\n<p>\ud83d\udccd Artesia, NM<br \/>\n\ud83d\udccd Carlsbad, NM<br \/>\n\ud83d\udccd Roswell, NM<\/p>\n<p>\u00bfSin experiencia? <strong>Nosotros te entrenaremos.<\/strong> Llame con anticipaci\u00f3n para reservar su hora de entrevista en <strong>(210) 756-5108<\/strong>.<\/p>\n<p>\u00bfProfesional experimentado? <strong>Te ayudaremos a dar el siguiente paso.<\/strong><\/p>\n<h3>\u00bfPor qu\u00e9 unirse a INK?<\/h3>\n<p>Equipo positivo y solidario<br \/>\nTrabajo significativo que impacta a las familias<br \/>\nFormaci\u00f3n real + crecimiento profesional<\/p>\n<p>&nbsp;<\/p>\n<p><a class=\"partner\" href=\"https:\/\/nphosting.wd5.myworkdayjobs.com\/INKCareers\">Aplicar Ahora<\/a><\/p>","protected":false},"excerpt":{"rendered":"<p>Ready for a Career That Makes a Difference? INK is hiring in New Mexico \u2014 and we\u2019re growing fast. We believe that every child deserves a bright beginning. And you deserve a workplace where you can grow. INK is hiring for multiple Early Childhood Education and Family Support positions in: \ud83d\udccd Artesia, NM \ud83d\udccd Carlsbad, [&hellip;]<\/p>\n","protected":false},"author":4,"featured_media":0,"parent":0,"menu_order":0,"comment_status":"closed","ping_status":"closed","template":"","meta":{"_acf_changed":false,"footnotes":""},"class_list":["post-990","page","type-page","status-publish","hentry"],"acf":[],"_links":{"self":[{"href":"https:\/\/exploreink.org\/es\/wp-json\/wp\/v2\/pages\/990","targetHints":{"allow":["GET"]}}],"collection":[{"href":"https:\/\/exploreink.org\/es\/wp-json\/wp\/v2\/pages"}],"about":[{"href":"https:\/\/exploreink.org\/es\/wp-json\/wp\/v2\/types\/page"}],"author":[{"embeddable":true,"href":"https:\/\/exploreink.org\/es\/wp-json\/wp\/v2\/users\/4"}],"replies":[{"embeddable":true,"href":"https:\/\/exploreink.org\/es\/wp-json\/wp\/v2\/comments?post=990"}],"version-history":[{"count":13,"href":"https:\/\/exploreink.org\/es\/wp-json\/wp\/v2\/pages\/990\/revisions"}],"predecessor-version":[{"id":1003,"href":"https:\/\/exploreink.org\/es\/wp-json\/wp\/v2\/pages\/990\/revisions\/1003"}],"wp:attachment":[{"href":"https:\/\/exploreink.org\/es\/wp-json\/wp\/v2\/media?parent=990"}],"curies":[{"name":"wp","href":"https:\/\/api.w.org\/{rel}","templated":true}]}}